{"id":25191,"date":"2022-06-17T09:20:33","date_gmt":"2022-06-17T09:20:33","guid":{"rendered":"https:\/\/centre1mes.es\/ioga-prenatal\/"},"modified":"2024-07-16T22:26:18","modified_gmt":"2024-07-16T22:26:18","slug":"ioga-prenatal","status":"publish","type":"page","link":"https:\/\/centre1mes.es\/ca\/embarassades\/ioga-prenatal\/","title":{"rendered":"Ioga prenatal"},"content":{"rendered":"\t\t<div data-elementor-type=\"wp-page\" data-elementor-id=\"25191\" class=\"elementor elementor-25191 elementor-1571\">\n\t\t\t\t\t\t<section class=\"elementor-section elementor-top-section elementor-element elementor-element-35466f6 elementor-section-full_width qodef-elementor-content-grid elementor-section-stretched elementor-section-height-default elementor-section-height-default\" data-id=\"35466f6\" data-element_type=\"section\" data-e-type=\"section\" data-settings=\"{&quot;background_background&quot;:&quot;classic&quot;,&quot;stretch_section&quot;:&quot;section-stretched&quot;}\">\n\t\t\t\t\t\t<div class=\"elementor-container elementor-column-gap-default\">\n\t\t\t\t\t<div class=\"elementor-column elementor-col-100 elementor-top-column elementor-element elementor-element-bfb1c8a\" data-id=\"bfb1c8a\" data-element_type=\"column\" data-e-type=\"column\">\n\t\t\t<div class=\"elementor-widget-wrap elementor-element-populated\">\n\t\t\t\t\t\t<div class=\"elementor-element elementor-element-3ba8256 elementor-widget__width-initial elementor-widget elementor-widget-hibiscus_core_section_title\" data-id=\"3ba8256\" data-element_type=\"widget\" data-e-type=\"widget\" data-widget_type=\"hibiscus_core_section_title.default\">\n\t\t\t\t<div class=\"elementor-widget-container\">\n\t\t\t\t\t<div class=\"qodef-shortcode qodef-m  qodef-section-title qodef-alignment--center   qodef--has-appear\">\n\t<div class=\"qodef-e-sunrays\" >\n\t\t<svg class=\"qodef-svg--sunrays\" xmlns=\"http:\/\/www.w3.org\/2000\/svg\" width=\"55\" height=\"30\" viewBox=\"0 0 55 30\"><g transform=\"translate(-1432 -588)\"><line x1=\"18\" transform=\"translate(1432 617.5)\" fill=\"none\" stroke=\"currentColor\" stroke-miterlimit=\"10\" stroke-width=\"1\"\/><line x1=\"16.628\" y1=\"6.889\" transform=\"translate(1433.458 607.414)\" fill=\"none\" stroke=\"currentColor\" stroke-miterlimit=\"10\" stroke-width=\"1\"\/><line x1=\"12.727\" y1=\"12.728\" transform=\"translate(1439.408 598.494)\" fill=\"none\" stroke=\"currentColor\" stroke-miterlimit=\"10\" stroke-width=\"1\"\/><line x1=\"6.888\" y1=\"16.629\" transform=\"translate(1448.056 591.685)\" fill=\"none\" stroke=\"currentColor\" stroke-miterlimit=\"10\" stroke-width=\"1\"\/><line y1=\"19\" transform=\"translate(1459.5 588)\" fill=\"none\" stroke=\"currentColor\" stroke-miterlimit=\"10\" stroke-width=\"1\"\/><line y1=\"16.631\" x2=\"6.888\" transform=\"translate(1464.056 591.685)\" fill=\"none\" stroke=\"currentColor\" stroke-miterlimit=\"10\" stroke-width=\"1\"\/><line x2=\"12.729\" y1=\"12.729\" y2=\"0\" transform=\"translate(1466.57 598.493)\" fill=\"none\" stroke=\"currentColor\" stroke-miterlimit=\"10\" stroke-width=\"1\"\/><line x2=\"16.631\" y1=\"6.889\" y2=\"0\" transform=\"translate(1468.619 607.414)\" fill=\"none\" stroke=\"currentColor\" stroke-miterlimit=\"10\" stroke-width=\"1\"\/><line x2=\"18\" transform=\"translate(1469 617.5)\" fill=\"none\" stroke=\"currentColor\" stroke-miterlimit=\"10\" stroke-width=\"1\"\/><\/g><\/svg>\t<\/div>\n\t\t<h1 class=\"qodef-m-title\" >\n\t\t\t\t\tYoga prenatal\t\t\t<\/h1>\n\t\t<\/div>\n\t\t\t\t<\/div>\n\t\t\t\t<\/div>\n\t\t\t\t\t<\/div>\n\t\t<\/div>\n\t\t\t\t\t<\/div>\n\t\t<\/section>\n\t\t\t\t<section class=\"elementor-section elementor-top-section elementor-element elementor-element-c4f2c5e elementor-section-boxed elementor-section-height-default elementor-section-height-default qodef-elementor-content-no\" data-id=\"c4f2c5e\" data-element_type=\"section\" data-e-type=\"section\">\n\t\t\t\t\t\t<div class=\"elementor-container elementor-column-gap-default\">\n\t\t\t\t\t<div class=\"elementor-column elementor-col-50 elementor-top-column elementor-element elementor-element-b0bd92a\" data-id=\"b0bd92a\" data-element_type=\"column\" data-e-type=\"column\">\n\t\t\t<div class=\"elementor-widget-wrap elementor-element-populated\">\n\t\t\t\t\t\t<div class=\"elementor-element elementor-element-9603a31 elementor-widget__width-initial elementor-widget elementor-widget-text-editor\" data-id=\"9603a31\" data-element_type=\"widget\" data-e-type=\"widget\" data-widget_type=\"text-editor.default\">\n\t\t\t\t<div class=\"elementor-widget-container\">\n\t\t\t\t\t\t\t\t\t<p>Durant l&#8217;embar\u00e0s, el cos de la dona experimenta una s\u00e8rie de transformacions sorprenents di\u00e0riament: canvis a la columna vertebral, pelvis, ventre i molt m\u00e9s. Aquest per\u00edode de canvi constant, tant f\u00edsic com emocional, ens convida a connectar-nos amb el nostre cos d&#8217;una manera \u00fanica.<\/p>\n<\/p>\n<p>A la nostra classe de ioga prenatal, t&#8217;oferim l&#8217;oportunitat de cuidar el teu cos, escoltar-lo i submergir-t&#8217;hi, explorant la respiraci\u00f3 i les noves sensacions que sorgeixen durant la gestaci\u00f3. El nostre enfocament se centra a fomentar un desenvolupament saludable, promovent el moviment conscient a trav\u00e9s de les asanes (postures) i la relaxaci\u00f3 per mantenir el teu cos \u00e0gil, fort i lliure de tensions.<\/p>\n\t\t\t\t\t\t\t\t<\/div>\n\t\t\t\t<\/div>\n\t\t\t\t\t<\/div>\n\t\t<\/div>\n\t\t\t\t<div class=\"elementor-column elementor-col-50 elementor-top-column elementor-element elementor-element-ca7f574\" data-id=\"ca7f574\" data-element_type=\"column\" data-e-type=\"column\">\n\t\t\t<div class=\"elementor-widget-wrap elementor-element-populated\">\n\t\t\t\t\t\t<div class=\"elementor-element elementor-element-cdb0d8e elementor-widget elementor-widget-image\" data-id=\"cdb0d8e\" data-element_type=\"widget\" data-e-type=\"widget\" data-widget_type=\"image.default\">\n\t\t\t\t<div class=\"elementor-widget-container\">\n\t\t\t\t\t\t\t\t\t\t\t\t\t\t\t<img fetchpriority=\"high\" decoding=\"async\" width=\"1024\" height=\"768\" src=\"https:\/\/centre1mes.es\/wp-content\/uploads\/2023\/12\/home-1mes-1024x768.jpg\" class=\"attachment-large size-large wp-image-25020\" alt=\"embarazadas y posparto\" srcset=\"https:\/\/centre1mes.es\/wp-content\/uploads\/2023\/12\/home-1mes-1024x768.jpg 1024w, https:\/\/centre1mes.es\/wp-content\/uploads\/2023\/12\/home-1mes-300x225.jpg 300w, https:\/\/centre1mes.es\/wp-content\/uploads\/2023\/12\/home-1mes-768x576.jpg 768w, https:\/\/centre1mes.es\/wp-content\/uploads\/2023\/12\/home-1mes-1536x1152.jpg 1536w, https:\/\/centre1mes.es\/wp-content\/uploads\/2023\/12\/home-1mes-2048x1536.jpg 2048w, https:\/\/centre1mes.es\/wp-content\/uploads\/2023\/12\/home-1mes-600x450.jpg 600w\" sizes=\"(max-width: 1024px) 100vw, 1024px\" title=\"Embarazadas y posparto\">\t\t\t\t\t\t\t\t\t\t\t\t\t\t\t<\/div>\n\t\t\t\t<\/div>\n\t\t\t\t\t<\/div>\n\t\t<\/div>\n\t\t\t\t\t<\/div>\n\t\t<\/section>\n\t\t\t\t<section class=\"elementor-section elementor-top-section elementor-element elementor-element-1120818 elementor-section-boxed elementor-section-height-default elementor-section-height-default qodef-elementor-content-no\" data-id=\"1120818\" data-element_type=\"section\" data-e-type=\"section\">\n\t\t\t\t\t\t<div class=\"elementor-container elementor-column-gap-default\">\n\t\t\t\t\t<div class=\"elementor-column elementor-col-100 elementor-top-column elementor-element elementor-element-0ac1aae\" data-id=\"0ac1aae\" data-element_type=\"column\" data-e-type=\"column\">\n\t\t\t<div class=\"elementor-widget-wrap elementor-element-populated\">\n\t\t\t\t\t\t<div class=\"elementor-element elementor-element-2f8dc2d elementor-widget elementor-widget-spacer\" data-id=\"2f8dc2d\" data-element_type=\"widget\" data-e-type=\"widget\" data-widget_type=\"spacer.default\">\n\t\t\t\t<div class=\"elementor-widget-container\">\n\t\t\t\t\t\t\t<div class=\"elementor-spacer\">\n\t\t\t<div class=\"elementor-spacer-inner\"><\/div>\n\t\t<\/div>\n\t\t\t\t\t\t<\/div>\n\t\t\t\t<\/div>\n\t\t\t\t\t<\/div>\n\t\t<\/div>\n\t\t\t\t\t<\/div>\n\t\t<\/section>\n\t\t\t\t<section class=\"elementor-section elementor-top-section elementor-element elementor-element-059c56f elementor-hidden-mobile elementor-section-boxed elementor-section-height-default elementor-section-height-default qodef-elementor-content-no\" data-id=\"059c56f\" data-element_type=\"section\" data-e-type=\"section\">\n\t\t\t\t\t\t<div class=\"elementor-container elementor-column-gap-default\">\n\t\t\t\t\t<div class=\"elementor-column elementor-col-50 elementor-top-column elementor-element elementor-element-8024776\" data-id=\"8024776\" data-element_type=\"column\" data-e-type=\"column\">\n\t\t\t<div class=\"elementor-widget-wrap elementor-element-populated\">\n\t\t\t\t\t\t<div class=\"elementor-element elementor-element-c016b77 elementor-widget elementor-widget-image\" data-id=\"c016b77\" data-element_type=\"widget\" data-e-type=\"widget\" data-widget_type=\"image.default\">\n\t\t\t\t<div class=\"elementor-widget-container\">\n\t\t\t\t\t\t\t\t\t\t\t\t\t\t\t<img decoding=\"async\" width=\"700\" height=\"450\" src=\"https:\/\/centre1mes.es\/wp-content\/uploads\/2023\/02\/yoga-embarazadas-palma.jpeg\" class=\"attachment-large size-large wp-image-24702\" alt=\"embarazadas y posparto\" srcset=\"https:\/\/centre1mes.es\/wp-content\/uploads\/2023\/02\/yoga-embarazadas-palma.jpeg 700w, https:\/\/centre1mes.es\/wp-content\/uploads\/2023\/02\/yoga-embarazadas-palma-600x386.jpeg 600w, https:\/\/centre1mes.es\/wp-content\/uploads\/2023\/02\/yoga-embarazadas-palma-300x193.jpeg 300w\" sizes=\"(max-width: 700px) 100vw, 700px\" title=\"Embarazadas y posparto\">\t\t\t\t\t\t\t\t\t\t\t\t\t\t\t<\/div>\n\t\t\t\t<\/div>\n\t\t\t\t\t<\/div>\n\t\t<\/div>\n\t\t\t\t<div class=\"elementor-column elementor-col-50 elementor-top-column elementor-element elementor-element-634996a\" data-id=\"634996a\" data-element_type=\"column\" data-e-type=\"column\">\n\t\t\t<div class=\"elementor-widget-wrap elementor-element-populated\">\n\t\t\t\t\t\t<div class=\"elementor-element elementor-element-33bcfb0 elementor-widget__width-initial elementor-widget elementor-widget-text-editor\" data-id=\"33bcfb0\" data-element_type=\"widget\" data-e-type=\"widget\" data-widget_type=\"text-editor.default\">\n\t\t\t\t<div class=\"elementor-widget-container\">\n\t\t\t\t\t\t\t\t\t<p>La pr\u00e0ctica de la respiraci\u00f3 conscient no nom\u00e9s et proporcionar\u00e0 m\u00e9s oxigenaci\u00f3, sin\u00f3 que tamb\u00e9 augmentar\u00e0 la teva vitalitat i capacitat de relaxaci\u00f3. T&#8217;ajudar\u00e0 a afrontar cada etapa amb serenitat ia connectar-te amb tu en aquest proc\u00e9s d&#8217;autoconeixement.<\/p>\n<\/p>\n<p>El ioga t&#8217;ofereix l&#8217;oportunitat de viure en el present, acceptar-te tal com ets, confiar en tu i en els altres, despertar l&#8217;amor al teu cor i descobrir capacitats il\u00b7limitades mentre et submergeixes a l&#8217;alegria de la vida. I qui millor per beneficiar-se d&#8217;aquest regal que el nou \u00e9sser que est\u00e0 en cam\u00ed?<\/p>\n\t\t\t\t\t\t\t\t<\/div>\n\t\t\t\t<\/div>\n\t\t\t\t\t<\/div>\n\t\t<\/div>\n\t\t\t\t\t<\/div>\n\t\t<\/section>\n\t\t\t\t<section class=\"elementor-section elementor-top-section elementor-element elementor-element-1b10b06b elementor-section-full_width qodef-elementor-content-grid elementor-section-height-default elementor-section-height-default\" data-id=\"1b10b06b\" data-element_type=\"section\" data-e-type=\"section\">\n\t\t\t\t\t\t<div class=\"elementor-container elementor-column-gap-default\">\n\t\t\t\t\t<div class=\"elementor-column elementor-col-100 elementor-top-column elementor-element elementor-element-335e2cc4\" data-id=\"335e2cc4\" data-element_type=\"column\" data-e-type=\"column\">\n\t\t\t<div class=\"elementor-widget-wrap elementor-element-populated\">\n\t\t\t\t\t\t<div class=\"elementor-element elementor-element-1e3d3fa3 elementor-widget elementor-widget-hibiscus_core_section_title\" data-id=\"1e3d3fa3\" data-element_type=\"widget\" data-e-type=\"widget\" data-widget_type=\"hibiscus_core_section_title.default\">\n\t\t\t\t<div class=\"elementor-widget-container\">\n\t\t\t\t\t<div class=\"qodef-shortcode qodef-m  qodef-section-title qodef-alignment--center   qodef--has-appear\">\n\t<div class=\"qodef-e-sunrays\" >\n\t\t<svg class=\"qodef-svg--sunrays\" xmlns=\"http:\/\/www.w3.org\/2000\/svg\" width=\"55\" height=\"30\" viewBox=\"0 0 55 30\"><g transform=\"translate(-1432 -588)\"><line x1=\"18\" transform=\"translate(1432 617.5)\" fill=\"none\" stroke=\"currentColor\" stroke-miterlimit=\"10\" stroke-width=\"1\"\/><line x1=\"16.628\" y1=\"6.889\" transform=\"translate(1433.458 607.414)\" fill=\"none\" stroke=\"currentColor\" stroke-miterlimit=\"10\" stroke-width=\"1\"\/><line x1=\"12.727\" y1=\"12.728\" transform=\"translate(1439.408 598.494)\" fill=\"none\" stroke=\"currentColor\" stroke-miterlimit=\"10\" stroke-width=\"1\"\/><line x1=\"6.888\" y1=\"16.629\" transform=\"translate(1448.056 591.685)\" fill=\"none\" stroke=\"currentColor\" stroke-miterlimit=\"10\" stroke-width=\"1\"\/><line y1=\"19\" transform=\"translate(1459.5 588)\" fill=\"none\" stroke=\"currentColor\" stroke-miterlimit=\"10\" stroke-width=\"1\"\/><line y1=\"16.631\" x2=\"6.888\" transform=\"translate(1464.056 591.685)\" fill=\"none\" stroke=\"currentColor\" stroke-miterlimit=\"10\" stroke-width=\"1\"\/><line x2=\"12.729\" y1=\"12.729\" y2=\"0\" transform=\"translate(1466.57 598.493)\" fill=\"none\" stroke=\"currentColor\" stroke-miterlimit=\"10\" stroke-width=\"1\"\/><line x2=\"16.631\" y1=\"6.889\" y2=\"0\" transform=\"translate(1468.619 607.414)\" fill=\"none\" stroke=\"currentColor\" stroke-miterlimit=\"10\" stroke-width=\"1\"\/><line x2=\"18\" transform=\"translate(1469 617.5)\" fill=\"none\" stroke=\"currentColor\" stroke-miterlimit=\"10\" stroke-width=\"1\"\/><\/g><\/svg>\t<\/div>\n\t\t<h2 class=\"qodef-m-title\" >\n\t\t\t\t\t\u00bfQuieres apuntarte a las clases?\t\t\t<\/h2>\n\t\t\t<p class=\"qodef-m-text\" >Escr\u00edbenos y te mandaremos todos los pasos para descargarte nuestra app, comprar un bono y apuntarte directamente.<\/p>\n<\/div>\n\t\t\t\t<\/div>\n\t\t\t\t<\/div>\n\t\t\t\t<div class=\"elementor-element elementor-element-5c97acbd elementor-widget elementor-widget-text-editor\" data-id=\"5c97acbd\" data-element_type=\"widget\" data-e-type=\"widget\" data-widget_type=\"text-editor.default\">\n\t\t\t\t<div class=\"elementor-widget-container\">\n\t\t\t\t\t\t\t\t\t<p>[contact-form-7 id=&#8221;00b1ea0&#8243; title=&#8221;Contacte&#8221;]<\/p>\n\t\t\t\t\t\t\t\t<\/div>\n\t\t\t\t<\/div>\n\t\t\t\t\t<\/div>\n\t\t<\/div>\n\t\t\t\t\t<\/div>\n\t\t<\/section>\n\t\t\t\t<section class=\"elementor-section elementor-top-section elementor-element elementor-element-45bbf73 elementor-section-stretched elementor-section-boxed elementor-section-height-default elementor-section-height-default qodef-elementor-content-no\" data-id=\"45bbf73\" data-element_type=\"section\" data-e-type=\"section\" data-settings=\"{&quot;stretch_section&quot;:&quot;section-stretched&quot;}\">\n\t\t\t\t\t\t<div class=\"elementor-container elementor-column-gap-default\">\n\t\t\t\t\t<div class=\"elementor-column elementor-col-100 elementor-top-column elementor-element elementor-element-7aecc9e\" data-id=\"7aecc9e\" data-element_type=\"column\" data-e-type=\"column\">\n\t\t\t<div class=\"elementor-widget-wrap elementor-element-populated\">\n\t\t\t\t\t\t<div class=\"elementor-element elementor-element-52f851d elementor-widget elementor-widget-spacer\" data-id=\"52f851d\" data-element_type=\"widget\" data-e-type=\"widget\" data-widget_type=\"spacer.default\">\n\t\t\t\t<div class=\"elementor-widget-container\">\n\t\t\t\t\t\t\t<div class=\"elementor-spacer\">\n\t\t\t<div class=\"elementor-spacer-inner\"><\/div>\n\t\t<\/div>\n\t\t\t\t\t\t<\/div>\n\t\t\t\t<\/div>\n\t\t\t\t<div class=\"elementor-element elementor-element-7e8f9fc elementor-widget elementor-widget-spacer\" data-id=\"7e8f9fc\" data-element_type=\"widget\" data-e-type=\"widget\" data-widget_type=\"spacer.default\">\n\t\t\t\t<div class=\"elementor-widget-container\">\n\t\t\t\t\t\t\t<div class=\"elementor-spacer\">\n\t\t\t<div class=\"elementor-spacer-inner\"><\/div>\n\t\t<\/div>\n\t\t\t\t\t\t<\/div>\n\t\t\t\t<\/div>\n\t\t\t\t\t<\/div>\n\t\t<\/div>\n\t\t\t\t\t<\/div>\n\t\t<\/section>\n\t\t\t\t<section class=\"elementor-section elementor-top-section elementor-element elementor-element-4172a9e elementor-section-full_width elementor-section-stretched elementor-section-height-default elementor-section-height-default qodef-elementor-content-no\" data-id=\"4172a9e\" data-element_type=\"section\" data-e-type=\"section\" data-settings=\"{&quot;stretch_section&quot;:&quot;section-stretched&quot;}\">\n\t\t\t\t\t\t<div class=\"elementor-container elementor-column-gap-default\">\n\t\t\t\t\t<div class=\"elementor-column elementor-col-100 elementor-top-column elementor-element elementor-element-a44a273\" data-id=\"a44a273\" data-element_type=\"column\" data-e-type=\"column\">\n\t\t\t<div class=\"elementor-widget-wrap elementor-element-populated\">\n\t\t\t\t\t\t<div class=\"elementor-element elementor-element-4eee335 elementor-widget elementor-widget-hibiscus_core_image_gallery\" data-id=\"4eee335\" data-element_type=\"widget\" data-e-type=\"widget\" data-widget_type=\"hibiscus_core_image_gallery.default\">\n\t\t\t\t<div class=\"elementor-widget-container\">\n\t\t\t\t\t<div class=\"qodef-shortcode qodef-m  qodef-image-gallery   qodef-grid qodef-layout--columns  qodef-gutter--no qodef-col-num--3    qodef-responsive--custom qodef-col-num--1440--3 qodef-col-num--1366--3 qodef-col-num--1024--3 qodef-col-num--768--1 qodef-col-num--680--1 qodef-col-num--480--1\">\n\t<div class=\"qodef-grid-inner clear\">\n\t\t<div class=\"qodef-e qodef-image-wrapper qodef-grid-item \">\n    <div class=\"qodef-image-wrapper-inner\">\n                    <img decoding=\"async\" width=\"1280\" height=\"1200\" src=\"https:\/\/centre1mes.es\/wp-content\/uploads\/2022\/06\/h7-img-4.jpg\" class=\"attachment-full size-full\" alt=\"aa\" srcset=\"https:\/\/centre1mes.es\/wp-content\/uploads\/2022\/06\/h7-img-4.jpg 1280w, https:\/\/centre1mes.es\/wp-content\/uploads\/2022\/06\/h7-img-4-600x563.jpg 600w, https:\/\/centre1mes.es\/wp-content\/uploads\/2022\/06\/h7-img-4-300x281.jpg 300w, https:\/\/centre1mes.es\/wp-content\/uploads\/2022\/06\/h7-img-4-1024x960.jpg 1024w, https:\/\/centre1mes.es\/wp-content\/uploads\/2022\/06\/h7-img-4-768x720.jpg 768w\" sizes=\"(max-width: 1280px) 100vw, 1280px\" title=\"Embarazadas y posparto\">            <\/div>\n<\/div>\n<div class=\"qodef-e qodef-image-wrapper qodef-grid-item \">\n    <div class=\"qodef-image-wrapper-inner\">\n                    <img loading=\"lazy\" decoding=\"async\" width=\"1194\" height=\"1114\" src=\"https:\/\/centre1mes.es\/wp-content\/uploads\/2023\/12\/embarazadas-mallorca.jpg\" class=\"attachment-full size-full\" alt=\"embarazadas y posparto\" srcset=\"https:\/\/centre1mes.es\/wp-content\/uploads\/2023\/12\/embarazadas-mallorca.jpg 1194w, https:\/\/centre1mes.es\/wp-content\/uploads\/2023\/12\/embarazadas-mallorca-300x280.jpg 300w, https:\/\/centre1mes.es\/wp-content\/uploads\/2023\/12\/embarazadas-mallorca-1024x955.jpg 1024w, https:\/\/centre1mes.es\/wp-content\/uploads\/2023\/12\/embarazadas-mallorca-768x717.jpg 768w, https:\/\/centre1mes.es\/wp-content\/uploads\/2023\/12\/embarazadas-mallorca-600x560.jpg 600w\" sizes=\"(max-width: 1194px) 100vw, 1194px\" title=\"Embarazadas y posparto\">            <\/div>\n<\/div>\n<div class=\"qodef-e qodef-image-wrapper qodef-grid-item \">\n    <div class=\"qodef-image-wrapper-inner\">\n                    <img loading=\"lazy\" decoding=\"async\" width=\"1280\" height=\"1200\" src=\"https:\/\/centre1mes.es\/wp-content\/uploads\/2022\/06\/h7-img-2-1.jpg\" class=\"attachment-full size-full\" alt=\"posparto activo\" srcset=\"https:\/\/centre1mes.es\/wp-content\/uploads\/2022\/06\/h7-img-2-1.jpg 1280w, https:\/\/centre1mes.es\/wp-content\/uploads\/2022\/06\/h7-img-2-1-600x563.jpg 600w, https:\/\/centre1mes.es\/wp-content\/uploads\/2022\/06\/h7-img-2-1-300x281.jpg 300w, https:\/\/centre1mes.es\/wp-content\/uploads\/2022\/06\/h7-img-2-1-1024x960.jpg 1024w, https:\/\/centre1mes.es\/wp-content\/uploads\/2022\/06\/h7-img-2-1-768x720.jpg 768w\" sizes=\"(max-width: 1280px) 100vw, 1280px\" title=\"Embarazadas y posparto\">            <\/div>\n<\/div>\n\t<\/div>\n<\/div>\n\t\t\t\t<\/div>\n\t\t\t\t<\/div>\n\t\t\t\t\t<\/div>\n\t\t<\/div>\n\t\t\t\t\t<\/div>\n\t\t<\/section>\n\t\t\t\t<\/div>\n\t\t","protected":false},"excerpt":{"rendered":"<p>Yoga prenatal Durant l&#8217;embar\u00e0s, el cos de la dona experimenta una s\u00e8rie de transformacions sorprenents di\u00e0riament: canvis a la columna vertebral, pelvis, ventre i molt m\u00e9s. Aquest per\u00edode de canvi [&hellip;]<\/p>\n","protected":false},"author":1,"featured_media":0,"parent":25197,"menu_order":0,"comment_status":"closed","ping_status":"closed","template":"","meta":{"_price":"","_stock":"","_tribe_ticket_header":"","_tribe_default_ticket_provider":"","_tribe_ticket_capacity":"0","_ticket_start_date":"","_ticket_end_date":"","_tribe_ticket_show_description":"","_tribe_ticket_show_not_going":false,"_tribe_ticket_use_global_stock":"","_tribe_ticket_global_stock_level":"","_global_stock_mode":"","_global_stock_cap":"","_tribe_rsvp_for_event":"","_tribe_ticket_going_count":"","_tribe_ticket_not_going_count":"","_tribe_tickets_list":"[]","_tribe_ticket_has_attendee_info_fields":false,"footnotes":""},"class_list":["post-25191","page","type-page","status-publish","hentry"],"_links":{"self":[{"href":"https:\/\/centre1mes.es\/ca\/wp-json\/wp\/v2\/pages\/25191","targetHints":{"allow":["GET"]}}],"collection":[{"href":"https:\/\/centre1mes.es\/ca\/wp-json\/wp\/v2\/pages"}],"about":[{"href":"https:\/\/centre1mes.es\/ca\/wp-json\/wp\/v2\/types\/page"}],"author":[{"embeddable":true,"href":"https:\/\/centre1mes.es\/ca\/wp-json\/wp\/v2\/users\/1"}],"replies":[{"embeddable":true,"href":"https:\/\/centre1mes.es\/ca\/wp-json\/wp\/v2\/comments?post=25191"}],"version-history":[{"count":0,"href":"https:\/\/centre1mes.es\/ca\/wp-json\/wp\/v2\/pages\/25191\/revisions"}],"up":[{"embeddable":true,"href":"https:\/\/centre1mes.es\/ca\/wp-json\/wp\/v2\/pages\/25197"}],"wp:attachment":[{"href":"https:\/\/centre1mes.es\/ca\/wp-json\/wp\/v2\/media?parent=25191"}],"curies":[{"name":"wp","href":"https:\/\/api.w.org\/{rel}","templated":true}]}}