{"id":26542,"date":"2024-07-07T22:04:46","date_gmt":"2024-07-07T22:04:46","guid":{"rendered":"https:\/\/centre1mes.es\/consultes\/nutricio-embarassades\/"},"modified":"2024-07-07T22:35:29","modified_gmt":"2024-07-07T22:35:29","slug":"nutricio-embarassades","status":"publish","type":"page","link":"https:\/\/centre1mes.es\/ca\/consultes\/nutricio-embarassades\/","title":{"rendered":"Nutrici\u00f3 embarassades"},"content":{"rendered":"\t\t<div data-elementor-type=\"wp-page\" data-elementor-id=\"26542\" class=\"elementor elementor-26542 elementor-26527\">\n\t\t\t\t\t\t<section class=\"elementor-section elementor-top-section elementor-element elementor-element-35466f6 elementor-section-full_width qodef-elementor-content-grid elementor-section-stretched elementor-section-height-default elementor-section-height-default\" data-id=\"35466f6\" data-element_type=\"section\" data-e-type=\"section\" data-settings=\"{&quot;background_background&quot;:&quot;classic&quot;,&quot;stretch_section&quot;:&quot;section-stretched&quot;}\">\n\t\t\t\t\t\t<div class=\"elementor-container elementor-column-gap-default\">\n\t\t\t\t\t<div class=\"elementor-column elementor-col-100 elementor-top-column elementor-element elementor-element-bfb1c8a\" data-id=\"bfb1c8a\" data-element_type=\"column\" data-e-type=\"column\">\n\t\t\t<div class=\"elementor-widget-wrap elementor-element-populated\">\n\t\t\t\t\t\t<div class=\"elementor-element elementor-element-3ba8256 elementor-widget__width-initial elementor-widget elementor-widget-hibiscus_core_section_title\" data-id=\"3ba8256\" data-element_type=\"widget\" data-e-type=\"widget\" data-widget_type=\"hibiscus_core_section_title.default\">\n\t\t\t\t<div class=\"elementor-widget-container\">\n\t\t\t\t\t<div class=\"qodef-shortcode qodef-m  qodef-section-title qodef-alignment--center   qodef--has-appear\">\n\t<div class=\"qodef-e-sunrays\" >\n\t\t<svg class=\"qodef-svg--sunrays\" xmlns=\"http:\/\/www.w3.org\/2000\/svg\" width=\"55\" height=\"30\" viewBox=\"0 0 55 30\"><g transform=\"translate(-1432 -588)\"><line x1=\"18\" transform=\"translate(1432 617.5)\" fill=\"none\" stroke=\"currentColor\" stroke-miterlimit=\"10\" stroke-width=\"1\"\/><line x1=\"16.628\" y1=\"6.889\" transform=\"translate(1433.458 607.414)\" fill=\"none\" stroke=\"currentColor\" stroke-miterlimit=\"10\" stroke-width=\"1\"\/><line x1=\"12.727\" y1=\"12.728\" transform=\"translate(1439.408 598.494)\" fill=\"none\" stroke=\"currentColor\" stroke-miterlimit=\"10\" stroke-width=\"1\"\/><line x1=\"6.888\" y1=\"16.629\" transform=\"translate(1448.056 591.685)\" fill=\"none\" stroke=\"currentColor\" stroke-miterlimit=\"10\" stroke-width=\"1\"\/><line y1=\"19\" transform=\"translate(1459.5 588)\" fill=\"none\" stroke=\"currentColor\" stroke-miterlimit=\"10\" stroke-width=\"1\"\/><line y1=\"16.631\" x2=\"6.888\" transform=\"translate(1464.056 591.685)\" fill=\"none\" stroke=\"currentColor\" stroke-miterlimit=\"10\" stroke-width=\"1\"\/><line x2=\"12.729\" y1=\"12.729\" y2=\"0\" transform=\"translate(1466.57 598.493)\" fill=\"none\" stroke=\"currentColor\" stroke-miterlimit=\"10\" stroke-width=\"1\"\/><line x2=\"16.631\" y1=\"6.889\" y2=\"0\" transform=\"translate(1468.619 607.414)\" fill=\"none\" stroke=\"currentColor\" stroke-miterlimit=\"10\" stroke-width=\"1\"\/><line x2=\"18\" transform=\"translate(1469 617.5)\" fill=\"none\" stroke=\"currentColor\" stroke-miterlimit=\"10\" stroke-width=\"1\"\/><\/g><\/svg>\t<\/div>\n\t\t<h1 class=\"qodef-m-title\" >\n\t\t\t\t\tNutrici\u00f3n para embarazadas\t\t\t<\/h1>\n\t\t<\/div>\n\t\t\t\t<\/div>\n\t\t\t\t<\/div>\n\t\t\t\t\t<\/div>\n\t\t<\/div>\n\t\t\t\t\t<\/div>\n\t\t<\/section>\n\t\t\t\t<section class=\"elementor-section elementor-top-section elementor-element elementor-element-79d208f elementor-section-boxed elementor-section-height-default elementor-section-height-default qodef-elementor-content-no\" data-id=\"79d208f\" data-element_type=\"section\" data-e-type=\"section\">\n\t\t\t\t\t\t<div class=\"elementor-container elementor-column-gap-default\">\n\t\t\t\t\t<div class=\"elementor-column elementor-col-100 elementor-top-column elementor-element elementor-element-5022a44\" data-id=\"5022a44\" data-element_type=\"column\" data-e-type=\"column\">\n\t\t\t<div class=\"elementor-widget-wrap elementor-element-populated\">\n\t\t\t\t\t\t<div class=\"elementor-element elementor-element-10c2709 elementor-widget elementor-widget-text-editor\" data-id=\"10c2709\" data-element_type=\"widget\" data-e-type=\"widget\" data-widget_type=\"text-editor.default\">\n\t\t\t\t<div class=\"elementor-widget-container\">\n\t\t\t\t\t\t\t\t\t<div class=\"flex flex-grow flex-col max-w-full\">\n<div class=\"min-h-[20px] text-message flex flex-col items-start whitespace-pre-wrap break-words [.text-message+&amp;]:mt-5 juice:w-full juice:items-end overflow-x-auto gap-2\" dir=\"auto\" data-message-author-role=\"assistant\" data-message-id=\"7bd5a3d5-2040-4b4c-aa5a-0127d0e89d0b\">\n<div class=\"flex w-full flex-col gap-1 juice:empty:hidden juice:first:pt-[3px]\">\n<div class=\"markdown prose w-full break-words dark:prose-invert light\">\n<p style=\"text-align: center;\">A Centre1mes comprenem la import\u00e0ncia d&#8217;una nutrici\u00f3 adequada durant l&#8217;embar\u00e0s. Una dieta equilibrada i saludable no nom\u00e9s beneficia la mare, sin\u00f3 que tamb\u00e9 \u00e9s crucial per al desenvolupament \u00f2ptim del nad\u00f3. El nostre servei de nutrici\u00f3 per a embarassades est\u00e0 dissenyat per proporcionar assessorament i suport personalitzat durant tot l&#8217;embar\u00e0s.<\/p>\n<\/div>\n<\/div>\n<\/div>\n<\/div>\n\t\t\t\t\t\t\t\t<\/div>\n\t\t\t\t<\/div>\n\t\t\t\t\t<\/div>\n\t\t<\/div>\n\t\t\t\t\t<\/div>\n\t\t<\/section>\n\t\t\t\t<section class=\"elementor-section elementor-top-section elementor-element elementor-element-c4f2c5e elementor-section-boxed elementor-section-height-default elementor-section-height-default qodef-elementor-content-no\" data-id=\"c4f2c5e\" data-element_type=\"section\" data-e-type=\"section\">\n\t\t\t\t\t\t<div class=\"elementor-container elementor-column-gap-default\">\n\t\t\t\t\t<div class=\"elementor-column elementor-col-50 elementor-top-column elementor-element elementor-element-b0bd92a\" data-id=\"b0bd92a\" data-element_type=\"column\" data-e-type=\"column\">\n\t\t\t<div class=\"elementor-widget-wrap elementor-element-populated\">\n\t\t\t\t\t\t<div class=\"elementor-element elementor-element-9603a31 elementor-widget__width-initial elementor-widget elementor-widget-text-editor\" data-id=\"9603a31\" data-element_type=\"widget\" data-e-type=\"widget\" data-widget_type=\"text-editor.default\">\n\t\t\t\t<div class=\"elementor-widget-container\">\n\t\t\t\t\t\t\t\t\t<h3>Per qu\u00e8 la nutrici\u00f3 \u00e9s important durant l&#8217;embar\u00e0s?<\/h3>\n<p>Durant l&#8217;embar\u00e0s, les necessitats nutricionals canvien i augmenten per recolzar el creixement i el desenvolupament del fetus, aix\u00ed com per mantenir la salut de la mare. Una nutrici\u00f3 adequada pot:<\/p>\n<ul>\n<li>Promoure el desenvolupament saludable del nad\u00f3.<\/li>\n<li>Reduir el risc de complicacions durant l&#8217;embar\u00e0s i el part.<\/li>\n<li>Millorar el benestar general de la mare.<\/li>\n<li>Ajudar a mantenir un pes saludable.<\/li>\n<\/ul>\n\t\t\t\t\t\t\t\t<\/div>\n\t\t\t\t<\/div>\n\t\t\t\t\t<\/div>\n\t\t<\/div>\n\t\t\t\t<div class=\"elementor-column elementor-col-50 elementor-top-column elementor-element elementor-element-ca7f574\" data-id=\"ca7f574\" data-element_type=\"column\" data-e-type=\"column\">\n\t\t\t<div class=\"elementor-widget-wrap elementor-element-populated\">\n\t\t\t\t\t\t<div class=\"elementor-element elementor-element-cdb0d8e elementor-widget elementor-widget-image\" data-id=\"cdb0d8e\" data-element_type=\"widget\" data-e-type=\"widget\" data-widget_type=\"image.default\">\n\t\t\t\t<div class=\"elementor-widget-container\">\n\t\t\t\t\t\t\t\t\t\t\t\t\t\t\t<img fetchpriority=\"high\" decoding=\"async\" width=\"890\" height=\"588\" src=\"https:\/\/centre1mes.es\/wp-content\/uploads\/2024\/07\/nutricion-embarazadas-palma-inca.jpg\" class=\"attachment-large size-large wp-image-26536\" alt=\"nutricion embarazadas palma inca\" srcset=\"https:\/\/centre1mes.es\/wp-content\/uploads\/2024\/07\/nutricion-embarazadas-palma-inca.jpg 890w, https:\/\/centre1mes.es\/wp-content\/uploads\/2024\/07\/nutricion-embarazadas-palma-inca-300x198.jpg 300w, https:\/\/centre1mes.es\/wp-content\/uploads\/2024\/07\/nutricion-embarazadas-palma-inca-768x507.jpg 768w, https:\/\/centre1mes.es\/wp-content\/uploads\/2024\/07\/nutricion-embarazadas-palma-inca-600x396.jpg 600w\" sizes=\"(max-width: 890px) 100vw, 890px\" title=\"Embarazadas y posparto\">\t\t\t\t\t\t\t\t\t\t\t\t\t\t\t<\/div>\n\t\t\t\t<\/div>\n\t\t\t\t\t<\/div>\n\t\t<\/div>\n\t\t\t\t\t<\/div>\n\t\t<\/section>\n\t\t\t\t<section class=\"elementor-section elementor-top-section elementor-element elementor-element-9daf43a elementor-section-boxed elementor-section-height-default elementor-section-height-default qodef-elementor-content-no\" data-id=\"9daf43a\" data-element_type=\"section\" data-e-type=\"section\">\n\t\t\t\t\t\t<div class=\"elementor-container elementor-column-gap-default\">\n\t\t\t\t\t<div class=\"elementor-column elementor-col-50 elementor-top-column elementor-element elementor-element-0045700\" data-id=\"0045700\" data-element_type=\"column\" data-e-type=\"column\">\n\t\t\t<div class=\"elementor-widget-wrap elementor-element-populated\">\n\t\t\t\t\t\t<div class=\"elementor-element elementor-element-e950004 elementor-widget elementor-widget-image\" data-id=\"e950004\" data-element_type=\"widget\" data-e-type=\"widget\" data-widget_type=\"image.default\">\n\t\t\t\t<div class=\"elementor-widget-container\">\n\t\t\t\t\t\t\t\t\t\t\t\t\t\t\t<img decoding=\"async\" width=\"601\" height=\"886\" src=\"https:\/\/centre1mes.es\/wp-content\/uploads\/2024\/07\/plan-comida-saludable-embarazo.jpg\" class=\"attachment-large size-large wp-image-26551\" alt=\"embarazadas y posparto\" srcset=\"https:\/\/centre1mes.es\/wp-content\/uploads\/2024\/07\/plan-comida-saludable-embarazo.jpg 601w, https:\/\/centre1mes.es\/wp-content\/uploads\/2024\/07\/plan-comida-saludable-embarazo-203x300.jpg 203w\" sizes=\"(max-width: 601px) 100vw, 601px\" title=\"Embarazadas y posparto\">\t\t\t\t\t\t\t\t\t\t\t\t\t\t\t<\/div>\n\t\t\t\t<\/div>\n\t\t\t\t\t<\/div>\n\t\t<\/div>\n\t\t\t\t<div class=\"elementor-column elementor-col-50 elementor-top-column elementor-element elementor-element-e275d16\" data-id=\"e275d16\" data-element_type=\"column\" data-e-type=\"column\">\n\t\t\t<div class=\"elementor-widget-wrap elementor-element-populated\">\n\t\t\t\t\t\t<div class=\"elementor-element elementor-element-33bcfb0 elementor-widget__width-initial elementor-widget elementor-widget-text-editor\" data-id=\"33bcfb0\" data-element_type=\"widget\" data-e-type=\"widget\" data-widget_type=\"text-editor.default\">\n\t\t\t\t<div class=\"elementor-widget-container\">\n\t\t\t\t\t\t\t\t\t<h4>Els nostres Serveis de Nutrici\u00f3 per a Embarassades<\/h4>\n<p>A Centre1mes, oferim una gamma completa de serveis de nutrici\u00f3 dissenyats per satisfer les necessitats espec\u00edfiques de cada embarassada:<\/p>\n<ol>\n<li><strong>Avaluaci\u00f3 Nutricional Personalitzada<\/strong> : Els nostres experts en nutrici\u00f3 realitzen una avaluaci\u00f3 detallada de la dieta actual de l&#8217;embarassada, identificant \u00e0rees de millora i ajustant les necessitats cal\u00f2riques i de nutrients essencials.<\/li>\n<li><strong>Plans d&#8217;Alimentaci\u00f3 Individualitzats<\/strong> : Dissenyem plans d&#8217;alimentaci\u00f3 personalitzats que asseguren una ingesta adequada de vitamines i minerals crucials, com ara \u00e0cid f\u00f2lic, ferro, calci i prote\u00efnes.<\/li>\n<li><strong>Assessorament i Educaci\u00f3 Nutricional<\/strong> : Oferim sessions d&#8217;assessorament i educaci\u00f3 per proporcionar informaci\u00f3 sobre els aliments m\u00e9s beneficiosos, la planificaci\u00f3 de menjars saludables i la import\u00e0ncia de mantenir-se hidratada.<\/li>\n<li><strong>Suport Continu<\/strong> : Al llarg de l&#8217;embar\u00e0s, brindem suport continu i ajustaments en els plans nutricionals segons calgui per adaptar-se als canvis i desafiaments que puguin sorgir.<\/li>\n<\/ol>\n<h4> <\/h4>\n\t\t\t\t\t\t\t\t<\/div>\n\t\t\t\t<\/div>\n\t\t\t\t\t<\/div>\n\t\t<\/div>\n\t\t\t\t\t<\/div>\n\t\t<\/section>\n\t\t\t\t<section class=\"elementor-section elementor-top-section elementor-element elementor-element-4270b85 elementor-section-boxed elementor-section-height-default elementor-section-height-default qodef-elementor-content-no\" data-id=\"4270b85\" data-element_type=\"section\" data-e-type=\"section\">\n\t\t\t\t\t\t<div class=\"elementor-container elementor-column-gap-default\">\n\t\t\t\t\t<div class=\"elementor-column elementor-col-33 elementor-top-column elementor-element elementor-element-2de8e62\" data-id=\"2de8e62\" data-element_type=\"column\" data-e-type=\"column\">\n\t\t\t<div class=\"elementor-widget-wrap\">\n\t\t\t\t\t\t\t<\/div>\n\t\t<\/div>\n\t\t\t\t<div class=\"elementor-column elementor-col-33 elementor-top-column elementor-element elementor-element-e604584\" data-id=\"e604584\" data-element_type=\"column\" data-e-type=\"column\">\n\t\t\t<div class=\"elementor-widget-wrap\">\n\t\t\t\t\t\t\t<\/div>\n\t\t<\/div>\n\t\t\t\t<div class=\"elementor-column elementor-col-33 elementor-top-column elementor-element elementor-element-1f57578\" data-id=\"1f57578\" data-element_type=\"column\" data-e-type=\"column\">\n\t\t\t<div class=\"elementor-widget-wrap\">\n\t\t\t\t\t\t\t<\/div>\n\t\t<\/div>\n\t\t\t\t\t<\/div>\n\t\t<\/section>\n\t\t\t\t<section class=\"elementor-section elementor-top-section elementor-element elementor-element-1b10b06b elementor-section-full_width qodef-elementor-content-grid elementor-section-height-default elementor-section-height-default\" data-id=\"1b10b06b\" data-element_type=\"section\" data-e-type=\"section\">\n\t\t\t\t\t\t<div class=\"elementor-container elementor-column-gap-default\">\n\t\t\t\t\t<div class=\"elementor-column elementor-col-100 elementor-top-column elementor-element elementor-element-335e2cc4\" data-id=\"335e2cc4\" data-element_type=\"column\" data-e-type=\"column\">\n\t\t\t<div class=\"elementor-widget-wrap elementor-element-populated\">\n\t\t\t\t\t\t<div class=\"elementor-element elementor-element-1e3d3fa3 elementor-widget elementor-widget-hibiscus_core_section_title\" data-id=\"1e3d3fa3\" data-element_type=\"widget\" data-e-type=\"widget\" data-widget_type=\"hibiscus_core_section_title.default\">\n\t\t\t\t<div class=\"elementor-widget-container\">\n\t\t\t\t\t<div class=\"qodef-shortcode qodef-m  qodef-section-title qodef-alignment--center   qodef--has-appear\">\n\t<div class=\"qodef-e-sunrays\" >\n\t\t<svg class=\"qodef-svg--sunrays\" xmlns=\"http:\/\/www.w3.org\/2000\/svg\" width=\"55\" height=\"30\" viewBox=\"0 0 55 30\"><g transform=\"translate(-1432 -588)\"><line x1=\"18\" transform=\"translate(1432 617.5)\" fill=\"none\" stroke=\"currentColor\" stroke-miterlimit=\"10\" stroke-width=\"1\"\/><line x1=\"16.628\" y1=\"6.889\" transform=\"translate(1433.458 607.414)\" fill=\"none\" stroke=\"currentColor\" stroke-miterlimit=\"10\" stroke-width=\"1\"\/><line x1=\"12.727\" y1=\"12.728\" transform=\"translate(1439.408 598.494)\" fill=\"none\" stroke=\"currentColor\" stroke-miterlimit=\"10\" stroke-width=\"1\"\/><line x1=\"6.888\" y1=\"16.629\" transform=\"translate(1448.056 591.685)\" fill=\"none\" stroke=\"currentColor\" stroke-miterlimit=\"10\" stroke-width=\"1\"\/><line y1=\"19\" transform=\"translate(1459.5 588)\" fill=\"none\" stroke=\"currentColor\" stroke-miterlimit=\"10\" stroke-width=\"1\"\/><line y1=\"16.631\" x2=\"6.888\" transform=\"translate(1464.056 591.685)\" fill=\"none\" stroke=\"currentColor\" stroke-miterlimit=\"10\" stroke-width=\"1\"\/><line x2=\"12.729\" y1=\"12.729\" y2=\"0\" transform=\"translate(1466.57 598.493)\" fill=\"none\" stroke=\"currentColor\" stroke-miterlimit=\"10\" stroke-width=\"1\"\/><line x2=\"16.631\" y1=\"6.889\" y2=\"0\" transform=\"translate(1468.619 607.414)\" fill=\"none\" stroke=\"currentColor\" stroke-miterlimit=\"10\" stroke-width=\"1\"\/><line x2=\"18\" transform=\"translate(1469 617.5)\" fill=\"none\" stroke=\"currentColor\" stroke-miterlimit=\"10\" stroke-width=\"1\"\/><\/g><\/svg>\t<\/div>\n\t\t<h2 class=\"qodef-m-title\" >\n\t\t\t\t\t\u00bfQuieres pedir cita?\t\t\t<\/h2>\n\t\t\t<p class=\"qodef-m-text\" >Puedes ver disponibilidad y reservar a trav\u00e9s de nuestro motor de reserva de abajo.<\/p>\n<\/div>\n\t\t\t\t<\/div>\n\t\t\t\t<\/div>\n\t\t\t\t\t<\/div>\n\t\t<\/div>\n\t\t\t\t\t<\/div>\n\t\t<\/section>\n\t\t\t\t<section class=\"elementor-section elementor-top-section elementor-element elementor-element-e6b98b6 elementor-section-boxed elementor-section-height-default elementor-section-height-default qodef-elementor-content-no\" data-id=\"e6b98b6\" data-element_type=\"section\" data-e-type=\"section\">\n\t\t\t\t\t\t<div class=\"elementor-container elementor-column-gap-default\">\n\t\t\t\t\t<div class=\"elementor-column elementor-col-100 elementor-top-column elementor-element elementor-element-1e764ce\" data-id=\"1e764ce\" data-element_type=\"column\" data-e-type=\"column\">\n\t\t\t<div class=\"elementor-widget-wrap elementor-element-populated\">\n\t\t\t\t\t\t<div class=\"elementor-element elementor-element-d7e3097 elementor-widget__width-inherit elementor-widget elementor-widget-html\" data-id=\"d7e3097\" data-element_type=\"widget\" data-e-type=\"widget\" data-widget_type=\"html.default\">\n\t\t\t\t<div class=\"elementor-widget-container\">\n\t\t\t\t\t<div class=\"latepoint-book-form-wrapper os-loading os_init_booking_form\" id=\"latepointBookForm_69e4cf69dab20\" data-selected-service-category=\"3\" data-hide-side-panel=\"yes\" >\n\t\t\t\t\t\t<div class=\"latepoint-w latepoint-inline-form latepoint-hide-side-panel\">\n\t\t\t\t\t\t\t<div class=\"latepoint-booking-form-element\">\n\t\t\t\t\t\t\t\t<div class=\"latepoint-side-panel\"><\/div>\n\t\t\t\t\t\t\t\t<div class=\"latepoint-form-w\"><\/div>\n\t\t\t\t\t\t\t<\/div>\n\t\t\t\t\t\t<\/div>\n\t\t\t\t\t<\/div>\t\t\t\t<\/div>\n\t\t\t\t<\/div>\n\t\t\t\t\t<\/div>\n\t\t<\/div>\n\t\t\t\t\t<\/div>\n\t\t<\/section>\n\t\t\t\t<section class=\"elementor-section elementor-top-section elementor-element elementor-element-4172a9e elementor-section-full_width elementor-section-stretched elementor-section-height-default elementor-section-height-default qodef-elementor-content-no\" data-id=\"4172a9e\" data-element_type=\"section\" data-e-type=\"section\" data-settings=\"{&quot;stretch_section&quot;:&quot;section-stretched&quot;}\">\n\t\t\t\t\t\t<div class=\"elementor-container elementor-column-gap-default\">\n\t\t\t\t\t<div class=\"elementor-column elementor-col-100 elementor-top-column elementor-element elementor-element-a44a273\" data-id=\"a44a273\" data-element_type=\"column\" data-e-type=\"column\">\n\t\t\t<div class=\"elementor-widget-wrap elementor-element-populated\">\n\t\t\t\t\t\t<div class=\"elementor-element elementor-element-4eee335 elementor-widget elementor-widget-hibiscus_core_image_gallery\" data-id=\"4eee335\" data-element_type=\"widget\" data-e-type=\"widget\" data-widget_type=\"hibiscus_core_image_gallery.default\">\n\t\t\t\t<div class=\"elementor-widget-container\">\n\t\t\t\t\t<div class=\"qodef-shortcode qodef-m  qodef-image-gallery   qodef-grid qodef-layout--columns  qodef-gutter--no qodef-col-num--3    qodef-responsive--custom qodef-col-num--1440--3 qodef-col-num--1366--3 qodef-col-num--1024--3 qodef-col-num--768--1 qodef-col-num--680--1 qodef-col-num--480--1\">\n\t<div class=\"qodef-grid-inner clear\">\n\t\t<div class=\"qodef-e qodef-image-wrapper qodef-grid-item \">\n    <div class=\"qodef-image-wrapper-inner\">\n                    <img decoding=\"async\" width=\"1280\" height=\"1200\" src=\"https:\/\/centre1mes.es\/wp-content\/uploads\/2022\/06\/h7-img-4.jpg\" class=\"attachment-full size-full\" alt=\"aa\" srcset=\"https:\/\/centre1mes.es\/wp-content\/uploads\/2022\/06\/h7-img-4.jpg 1280w, https:\/\/centre1mes.es\/wp-content\/uploads\/2022\/06\/h7-img-4-600x563.jpg 600w, https:\/\/centre1mes.es\/wp-content\/uploads\/2022\/06\/h7-img-4-300x281.jpg 300w, https:\/\/centre1mes.es\/wp-content\/uploads\/2022\/06\/h7-img-4-1024x960.jpg 1024w, https:\/\/centre1mes.es\/wp-content\/uploads\/2022\/06\/h7-img-4-768x720.jpg 768w\" sizes=\"(max-width: 1280px) 100vw, 1280px\" title=\"Embarazadas y posparto\">            <\/div>\n<\/div>\n<div class=\"qodef-e qodef-image-wrapper qodef-grid-item \">\n    <div class=\"qodef-image-wrapper-inner\">\n                    <img loading=\"lazy\" decoding=\"async\" width=\"1194\" height=\"1114\" src=\"https:\/\/centre1mes.es\/wp-content\/uploads\/2023\/12\/embarazadas-mallorca.jpg\" class=\"attachment-full size-full\" alt=\"embarazadas y posparto\" srcset=\"https:\/\/centre1mes.es\/wp-content\/uploads\/2023\/12\/embarazadas-mallorca.jpg 1194w, https:\/\/centre1mes.es\/wp-content\/uploads\/2023\/12\/embarazadas-mallorca-300x280.jpg 300w, https:\/\/centre1mes.es\/wp-content\/uploads\/2023\/12\/embarazadas-mallorca-1024x955.jpg 1024w, https:\/\/centre1mes.es\/wp-content\/uploads\/2023\/12\/embarazadas-mallorca-768x717.jpg 768w, https:\/\/centre1mes.es\/wp-content\/uploads\/2023\/12\/embarazadas-mallorca-600x560.jpg 600w\" sizes=\"(max-width: 1194px) 100vw, 1194px\" title=\"Embarazadas y posparto\">            <\/div>\n<\/div>\n<div class=\"qodef-e qodef-image-wrapper qodef-grid-item \">\n    <div class=\"qodef-image-wrapper-inner\">\n                    <img loading=\"lazy\" decoding=\"async\" width=\"1280\" height=\"1200\" src=\"https:\/\/centre1mes.es\/wp-content\/uploads\/2022\/06\/h7-img-2-1.jpg\" class=\"attachment-full size-full\" alt=\"posparto activo\" srcset=\"https:\/\/centre1mes.es\/wp-content\/uploads\/2022\/06\/h7-img-2-1.jpg 1280w, https:\/\/centre1mes.es\/wp-content\/uploads\/2022\/06\/h7-img-2-1-600x563.jpg 600w, https:\/\/centre1mes.es\/wp-content\/uploads\/2022\/06\/h7-img-2-1-300x281.jpg 300w, https:\/\/centre1mes.es\/wp-content\/uploads\/2022\/06\/h7-img-2-1-1024x960.jpg 1024w, https:\/\/centre1mes.es\/wp-content\/uploads\/2022\/06\/h7-img-2-1-768x720.jpg 768w\" sizes=\"(max-width: 1280px) 100vw, 1280px\" title=\"Embarazadas y posparto\">            <\/div>\n<\/div>\n\t<\/div>\n<\/div>\n\t\t\t\t<\/div>\n\t\t\t\t<\/div>\n\t\t\t\t\t<\/div>\n\t\t<\/div>\n\t\t\t\t\t<\/div>\n\t\t<\/section>\n\t\t\t\t<\/div>\n\t\t","protected":false},"excerpt":{"rendered":"<p>Nutrici\u00f3n para embarazadas A Centre1mes comprenem la import\u00e0ncia d&#8217;una nutrici\u00f3 adequada durant l&#8217;embar\u00e0s. Una dieta equilibrada i saludable no nom\u00e9s beneficia la mare, sin\u00f3 que tamb\u00e9 \u00e9s crucial per al [&hellip;]<\/p>\n","protected":false},"author":1,"featured_media":26536,"parent":25276,"menu_order":0,"comment_status":"closed","ping_status":"closed","template":"","meta":{"_price":"","_stock":"","_tribe_ticket_header":"","_tribe_default_ticket_provider":"","_tribe_ticket_capacity":"0","_ticket_start_date":"","_ticket_end_date":"","_tribe_ticket_show_description":"","_tribe_ticket_show_not_going":false,"_tribe_ticket_use_global_stock":"","_tribe_ticket_global_stock_level":"","_global_stock_mode":"","_global_stock_cap":"","_tribe_rsvp_for_event":"","_tribe_ticket_going_count":"","_tribe_ticket_not_going_count":"","_tribe_tickets_list":"[]","_tribe_ticket_has_attendee_info_fields":false,"footnotes":""},"class_list":["post-26542","page","type-page","status-publish","has-post-thumbnail","hentry"],"_links":{"self":[{"href":"https:\/\/centre1mes.es\/ca\/wp-json\/wp\/v2\/pages\/26542","targetHints":{"allow":["GET"]}}],"collection":[{"href":"https:\/\/centre1mes.es\/ca\/wp-json\/wp\/v2\/pages"}],"about":[{"href":"https:\/\/centre1mes.es\/ca\/wp-json\/wp\/v2\/types\/page"}],"author":[{"embeddable":true,"href":"https:\/\/centre1mes.es\/ca\/wp-json\/wp\/v2\/users\/1"}],"replies":[{"embeddable":true,"href":"https:\/\/centre1mes.es\/ca\/wp-json\/wp\/v2\/comments?post=26542"}],"version-history":[{"count":0,"href":"https:\/\/centre1mes.es\/ca\/wp-json\/wp\/v2\/pages\/26542\/revisions"}],"up":[{"embeddable":true,"href":"https:\/\/centre1mes.es\/ca\/wp-json\/wp\/v2\/pages\/25276"}],"wp:featuredmedia":[{"embeddable":true,"href":"https:\/\/centre1mes.es\/ca\/wp-json\/wp\/v2\/media\/26536"}],"wp:attachment":[{"href":"https:\/\/centre1mes.es\/ca\/wp-json\/wp\/v2\/media?parent=26542"}],"curies":[{"name":"wp","href":"https:\/\/api.w.org\/{rel}","templated":true}]}}