{"id":25293,"date":"2024-03-24T18:39:59","date_gmt":"2024-03-24T18:39:59","guid":{"rendered":"https:\/\/centre1mes.es\/konsultationen\/platzierung-von-baby-ohrringen\/"},"modified":"2024-03-29T08:52:57","modified_gmt":"2024-03-29T08:52:57","slug":"platzierung-von-baby-ohrringen","status":"publish","type":"page","link":"https:\/\/centre1mes.es\/de\/konsultationen\/platzierung-von-baby-ohrringen\/","title":{"rendered":"Platzierung von Baby-Ohrringen"},"content":{"rendered":"\t\t<div data-elementor-type=\"wp-page\" data-elementor-id=\"25293\" class=\"elementor elementor-25293 elementor-22958\">\n\t\t\t\t\t\t<section class=\"elementor-section elementor-top-section elementor-element elementor-element-35466f6 elementor-section-full_width qodef-elementor-content-grid elementor-section-stretched elementor-section-height-default elementor-section-height-default\" data-id=\"35466f6\" data-element_type=\"section\" data-e-type=\"section\" data-settings=\"{&quot;background_background&quot;:&quot;classic&quot;,&quot;stretch_section&quot;:&quot;section-stretched&quot;}\">\n\t\t\t\t\t\t<div class=\"elementor-container elementor-column-gap-default\">\n\t\t\t\t\t<div class=\"elementor-column elementor-col-100 elementor-top-column elementor-element elementor-element-bfb1c8a\" data-id=\"bfb1c8a\" data-element_type=\"column\" data-e-type=\"column\">\n\t\t\t<div class=\"elementor-widget-wrap elementor-element-populated\">\n\t\t\t\t\t\t<div class=\"elementor-element elementor-element-3ba8256 elementor-widget__width-initial elementor-widget elementor-widget-hibiscus_core_section_title\" data-id=\"3ba8256\" data-element_type=\"widget\" data-e-type=\"widget\" data-widget_type=\"hibiscus_core_section_title.default\">\n\t\t\t\t<div class=\"elementor-widget-container\">\n\t\t\t\t\t<div class=\"qodef-shortcode qodef-m  qodef-section-title qodef-alignment--center   qodef--has-appear\">\n\t<div class=\"qodef-e-sunrays\" >\n\t\t<svg class=\"qodef-svg--sunrays\" xmlns=\"http:\/\/www.w3.org\/2000\/svg\" width=\"55\" height=\"30\" viewBox=\"0 0 55 30\"><g transform=\"translate(-1432 -588)\"><line x1=\"18\" transform=\"translate(1432 617.5)\" fill=\"none\" stroke=\"currentColor\" stroke-miterlimit=\"10\" stroke-width=\"1\"\/><line x1=\"16.628\" y1=\"6.889\" transform=\"translate(1433.458 607.414)\" fill=\"none\" stroke=\"currentColor\" stroke-miterlimit=\"10\" stroke-width=\"1\"\/><line x1=\"12.727\" y1=\"12.728\" transform=\"translate(1439.408 598.494)\" fill=\"none\" stroke=\"currentColor\" stroke-miterlimit=\"10\" stroke-width=\"1\"\/><line x1=\"6.888\" y1=\"16.629\" transform=\"translate(1448.056 591.685)\" fill=\"none\" stroke=\"currentColor\" stroke-miterlimit=\"10\" stroke-width=\"1\"\/><line y1=\"19\" transform=\"translate(1459.5 588)\" fill=\"none\" stroke=\"currentColor\" stroke-miterlimit=\"10\" stroke-width=\"1\"\/><line y1=\"16.631\" x2=\"6.888\" transform=\"translate(1464.056 591.685)\" fill=\"none\" stroke=\"currentColor\" stroke-miterlimit=\"10\" stroke-width=\"1\"\/><line x2=\"12.729\" y1=\"12.729\" y2=\"0\" transform=\"translate(1466.57 598.493)\" fill=\"none\" stroke=\"currentColor\" stroke-miterlimit=\"10\" stroke-width=\"1\"\/><line x2=\"16.631\" y1=\"6.889\" y2=\"0\" transform=\"translate(1468.619 607.414)\" fill=\"none\" stroke=\"currentColor\" stroke-miterlimit=\"10\" stroke-width=\"1\"\/><line x2=\"18\" transform=\"translate(1469 617.5)\" fill=\"none\" stroke=\"currentColor\" stroke-miterlimit=\"10\" stroke-width=\"1\"\/><\/g><\/svg>\t<\/div>\n\t\t<h1 class=\"qodef-m-title\" >\n\t\t\t\t\tColocaci\u00f3n de pendientes para beb\u00e9s\t\t\t<\/h1>\n\t\t<\/div>\n\t\t\t\t<\/div>\n\t\t\t\t<\/div>\n\t\t\t\t\t<\/div>\n\t\t<\/div>\n\t\t\t\t\t<\/div>\n\t\t<\/section>\n\t\t\t\t<section class=\"elementor-section elementor-top-section elementor-element elementor-element-79d208f elementor-section-boxed elementor-section-height-default elementor-section-height-default qodef-elementor-content-no\" data-id=\"79d208f\" data-element_type=\"section\" data-e-type=\"section\">\n\t\t\t\t\t\t<div class=\"elementor-container elementor-column-gap-default\">\n\t\t\t\t\t<div class=\"elementor-column elementor-col-100 elementor-top-column elementor-element elementor-element-5022a44\" data-id=\"5022a44\" data-element_type=\"column\" data-e-type=\"column\">\n\t\t\t<div class=\"elementor-widget-wrap elementor-element-populated\">\n\t\t\t\t\t\t<div class=\"elementor-element elementor-element-10c2709 elementor-widget elementor-widget-text-editor\" data-id=\"10c2709\" data-element_type=\"widget\" data-e-type=\"widget\" data-widget_type=\"text-editor.default\">\n\t\t\t\t<div class=\"elementor-widget-container\">\n\t\t\t\t\t\t\t\t\t<p style=\"text-align: center;\">Wir wissen, dass jedes Detail im Leben Ihrer Tochter wichtig und einzigartig ist, auch der Moment, in dem sie ihre ersten Ohrringe anlegt. Wir von Centre1Mes sind bereit, dieses Ereignis sicher, behutsam und unvergesslich zu gestalten, und zwar vom ersten Lebenstag Ihres Kindes an.<\/p>\n\t\t\t\t\t\t\t\t<\/div>\n\t\t\t\t<\/div>\n\t\t\t\t\t<\/div>\n\t\t<\/div>\n\t\t\t\t\t<\/div>\n\t\t<\/section>\n\t\t\t\t<section class=\"elementor-section elementor-top-section elementor-element elementor-element-c4f2c5e elementor-section-boxed elementor-section-height-default elementor-section-height-default qodef-elementor-content-no\" data-id=\"c4f2c5e\" data-element_type=\"section\" data-e-type=\"section\">\n\t\t\t\t\t\t<div class=\"elementor-container elementor-column-gap-default\">\n\t\t\t\t\t<div class=\"elementor-column elementor-col-50 elementor-top-column elementor-element elementor-element-b0bd92a\" data-id=\"b0bd92a\" data-element_type=\"column\" data-e-type=\"column\">\n\t\t\t<div class=\"elementor-widget-wrap elementor-element-populated\">\n\t\t\t\t\t\t<div class=\"elementor-element elementor-element-9603a31 elementor-widget__width-initial elementor-widget elementor-widget-text-editor\" data-id=\"9603a31\" data-element_type=\"widget\" data-e-type=\"widget\" data-widget_type=\"text-editor.default\">\n\t\t\t\t<div class=\"elementor-widget-container\">\n\t\t\t\t\t\t\t\t\t<p><strong style=\"color: #000000; font-family: 'Gentium Basic', serif; font-size: 38px;\">Sanftes und sicheres Verfahren:<\/strong><\/p>\n<p>Unser Team von erfahrenen Hebammen f\u00fchrt die Ohrringanpassung mit einer sanften und pr\u00e4zisen Technik durch. Wir verwenden einen Druckbohrer, der sowohl f\u00fcr Sie als auch f\u00fcr Ihr Baby eine ruhige Erfahrung darstellt.<\/p>\n<p>Alle unsere Ohrringe sind steril und aus hypoallergenen chirurgischen Materialien hergestellt, wodurch das Risiko einer allergischen Reaktion minimiert wird. Sie k\u00f6nnen zwischen Gold und Silber w\u00e4hlen.<\/p>\n\t\t\t\t\t\t\t\t<\/div>\n\t\t\t\t<\/div>\n\t\t\t\t\t<\/div>\n\t\t<\/div>\n\t\t\t\t<div class=\"elementor-column elementor-col-50 elementor-top-column elementor-element elementor-element-ca7f574\" data-id=\"ca7f574\" data-element_type=\"column\" data-e-type=\"column\">\n\t\t\t<div class=\"elementor-widget-wrap elementor-element-populated\">\n\t\t\t\t\t\t<div class=\"elementor-element elementor-element-cdb0d8e elementor-widget elementor-widget-image\" data-id=\"cdb0d8e\" data-element_type=\"widget\" data-e-type=\"widget\" data-widget_type=\"image.default\">\n\t\t\t\t<div class=\"elementor-widget-container\">\n\t\t\t\t\t\t\t\t\t\t\t\t\t\t\t<img fetchpriority=\"high\" decoding=\"async\" width=\"1024\" height=\"682\" src=\"https:\/\/centre1mes.es\/wp-content\/uploads\/2024\/03\/pendientes-bebe-1024x682.jpeg\" class=\"attachment-large size-large wp-image-25181\" alt=\"embarazadas y posparto\" srcset=\"https:\/\/centre1mes.es\/wp-content\/uploads\/2024\/03\/pendientes-bebe-1024x682.jpeg 1024w, https:\/\/centre1mes.es\/wp-content\/uploads\/2024\/03\/pendientes-bebe-300x200.jpeg 300w, https:\/\/centre1mes.es\/wp-content\/uploads\/2024\/03\/pendientes-bebe-768x512.jpeg 768w, https:\/\/centre1mes.es\/wp-content\/uploads\/2024\/03\/pendientes-bebe-600x400.jpeg 600w, https:\/\/centre1mes.es\/wp-content\/uploads\/2024\/03\/pendientes-bebe.jpeg 1280w\" sizes=\"(max-width: 1024px) 100vw, 1024px\" title=\"Embarazadas y posparto\">\t\t\t\t\t\t\t\t\t\t\t\t\t\t\t<\/div>\n\t\t\t\t<\/div>\n\t\t\t\t\t<\/div>\n\t\t<\/div>\n\t\t\t\t\t<\/div>\n\t\t<\/section>\n\t\t\t\t<section class=\"elementor-section elementor-top-section elementor-element elementor-element-9daf43a elementor-section-boxed elementor-section-height-default elementor-section-height-default qodef-elementor-content-no\" data-id=\"9daf43a\" data-element_type=\"section\" data-e-type=\"section\">\n\t\t\t\t\t\t<div class=\"elementor-container elementor-column-gap-default\">\n\t\t\t\t\t<div class=\"elementor-column elementor-col-50 elementor-top-column elementor-element elementor-element-0045700\" data-id=\"0045700\" data-element_type=\"column\" data-e-type=\"column\">\n\t\t\t<div class=\"elementor-widget-wrap elementor-element-populated\">\n\t\t\t\t\t\t<div class=\"elementor-element elementor-element-5ec5db0 elementor-widget elementor-widget-image\" data-id=\"5ec5db0\" data-element_type=\"widget\" data-e-type=\"widget\" data-widget_type=\"image.default\">\n\t\t\t\t<div class=\"elementor-widget-container\">\n\t\t\t\t\t\t\t\t\t\t\t\t\t\t\t<img decoding=\"async\" width=\"300\" height=\"182\" src=\"https:\/\/centre1mes.es\/wp-content\/uploads\/2024\/03\/pendientes-dorados-e1711306167492-300x182.jpeg\" class=\"attachment-medium size-medium wp-image-25187\" alt=\"embarazadas y posparto\" srcset=\"https:\/\/centre1mes.es\/wp-content\/uploads\/2024\/03\/pendientes-dorados-e1711306167492-300x182.jpeg 300w, https:\/\/centre1mes.es\/wp-content\/uploads\/2024\/03\/pendientes-dorados-e1711306167492-600x365.jpeg 600w, https:\/\/centre1mes.es\/wp-content\/uploads\/2024\/03\/pendientes-dorados-e1711306167492.jpeg 768w\" sizes=\"(max-width: 300px) 100vw, 300px\" title=\"Embarazadas y posparto\">\t\t\t\t\t\t\t\t\t\t\t\t\t\t\t<\/div>\n\t\t\t\t<\/div>\n\t\t\t\t<div class=\"elementor-element elementor-element-e950004 elementor-widget elementor-widget-image\" data-id=\"e950004\" data-element_type=\"widget\" data-e-type=\"widget\" data-widget_type=\"image.default\">\n\t\t\t\t<div class=\"elementor-widget-container\">\n\t\t\t\t\t\t\t\t\t\t\t\t\t\t\t<img decoding=\"async\" width=\"300\" height=\"213\" src=\"https:\/\/centre1mes.es\/wp-content\/uploads\/2024\/03\/pendiente-plata-circonita-e1711306190835-300x213.jpg\" class=\"attachment-medium size-medium wp-image-25184\" alt=\"embarazadas y posparto\" srcset=\"https:\/\/centre1mes.es\/wp-content\/uploads\/2024\/03\/pendiente-plata-circonita-e1711306190835-300x213.jpg 300w, https:\/\/centre1mes.es\/wp-content\/uploads\/2024\/03\/pendiente-plata-circonita-e1711306190835-600x427.jpg 600w, https:\/\/centre1mes.es\/wp-content\/uploads\/2024\/03\/pendiente-plata-circonita-e1711306190835.jpg 700w\" sizes=\"(max-width: 300px) 100vw, 300px\" title=\"Embarazadas y posparto\">\t\t\t\t\t\t\t\t\t\t\t\t\t\t\t<\/div>\n\t\t\t\t<\/div>\n\t\t\t\t\t<\/div>\n\t\t<\/div>\n\t\t\t\t<div class=\"elementor-column elementor-col-50 elementor-top-column elementor-element elementor-element-e275d16\" data-id=\"e275d16\" data-element_type=\"column\" data-e-type=\"column\">\n\t\t\t<div class=\"elementor-widget-wrap elementor-element-populated\">\n\t\t\t\t\t\t<div class=\"elementor-element elementor-element-33bcfb0 elementor-widget__width-initial elementor-widget elementor-widget-text-editor\" data-id=\"33bcfb0\" data-element_type=\"widget\" data-e-type=\"widget\" data-widget_type=\"text-editor.default\">\n\t\t\t\t<div class=\"elementor-widget-container\">\n\t\t\t\t\t\t\t\t\t<h3><strong>Postoperative Betreuung:<\/strong><\/h3>\n<p>Um eine optimale Heilung zu gew\u00e4hrleisten, empfehlen wir:<\/p>\n<ul>\n<li>Drehen Sie den Ohrring jedes Mal, wenn Sie Ihr Baby f\u00fcttern, um eine Verkrustung in den ersten 2 Wochen zu vermeiden.<\/li>\n<li>Tragen Sie in der ersten Woche ein mildes Antiseptikum wie z. B. Crystalmin auf, um die Heilung zu f\u00f6rdern.<\/li>\n<li>Wenn Sie m\u00f6chten, k\u00f6nnen Sie den Ohrring nach 4 Wochen gegen einen anderen Ihrer Wahl umtauschen.<\/li>\n<\/ul>\n<p>Wir von Centre1Mes wissen, wie wichtig dieser Schritt ist, und sorgen daf\u00fcr, dass die Erfahrung so besonders ist wie Ihr Baby. Vertrauen Sie uns, dass wir uns mit der Liebe und Professionalit\u00e4t, die uns auszeichnet, um jedes Detail k\u00fcmmern.<\/p>\n\t\t\t\t\t\t\t\t<\/div>\n\t\t\t\t<\/div>\n\t\t\t\t\t<\/div>\n\t\t<\/div>\n\t\t\t\t\t<\/div>\n\t\t<\/section>\n\t\t\t\t<section class=\"elementor-section elementor-top-section elementor-element elementor-element-4270b85 elementor-section-boxed elementor-section-height-default elementor-section-height-default qodef-elementor-content-no\" data-id=\"4270b85\" data-element_type=\"section\" data-e-type=\"section\">\n\t\t\t\t\t\t<div class=\"elementor-container elementor-column-gap-default\">\n\t\t\t\t\t<div class=\"elementor-column elementor-col-33 elementor-top-column elementor-element elementor-element-2de8e62\" data-id=\"2de8e62\" data-element_type=\"column\" data-e-type=\"column\">\n\t\t\t<div class=\"elementor-widget-wrap\">\n\t\t\t\t\t\t\t<\/div>\n\t\t<\/div>\n\t\t\t\t<div class=\"elementor-column elementor-col-33 elementor-top-column elementor-element elementor-element-e604584\" data-id=\"e604584\" data-element_type=\"column\" data-e-type=\"column\">\n\t\t\t<div class=\"elementor-widget-wrap\">\n\t\t\t\t\t\t\t<\/div>\n\t\t<\/div>\n\t\t\t\t<div class=\"elementor-column elementor-col-33 elementor-top-column elementor-element elementor-element-1f57578\" data-id=\"1f57578\" data-element_type=\"column\" data-e-type=\"column\">\n\t\t\t<div class=\"elementor-widget-wrap\">\n\t\t\t\t\t\t\t<\/div>\n\t\t<\/div>\n\t\t\t\t\t<\/div>\n\t\t<\/section>\n\t\t\t\t<section class=\"elementor-section elementor-top-section elementor-element elementor-element-1b10b06b elementor-section-full_width qodef-elementor-content-grid elementor-section-height-default elementor-section-height-default\" data-id=\"1b10b06b\" data-element_type=\"section\" data-e-type=\"section\">\n\t\t\t\t\t\t<div class=\"elementor-container elementor-column-gap-default\">\n\t\t\t\t\t<div class=\"elementor-column elementor-col-100 elementor-top-column elementor-element elementor-element-335e2cc4\" data-id=\"335e2cc4\" data-element_type=\"column\" data-e-type=\"column\">\n\t\t\t<div class=\"elementor-widget-wrap elementor-element-populated\">\n\t\t\t\t\t\t<div class=\"elementor-element elementor-element-1e3d3fa3 elementor-widget elementor-widget-hibiscus_core_section_title\" data-id=\"1e3d3fa3\" data-element_type=\"widget\" data-e-type=\"widget\" data-widget_type=\"hibiscus_core_section_title.default\">\n\t\t\t\t<div class=\"elementor-widget-container\">\n\t\t\t\t\t<div class=\"qodef-shortcode qodef-m  qodef-section-title qodef-alignment--center   qodef--has-appear\">\n\t<div class=\"qodef-e-sunrays\" >\n\t\t<svg class=\"qodef-svg--sunrays\" xmlns=\"http:\/\/www.w3.org\/2000\/svg\" width=\"55\" height=\"30\" viewBox=\"0 0 55 30\"><g transform=\"translate(-1432 -588)\"><line x1=\"18\" transform=\"translate(1432 617.5)\" fill=\"none\" stroke=\"currentColor\" stroke-miterlimit=\"10\" stroke-width=\"1\"\/><line x1=\"16.628\" y1=\"6.889\" transform=\"translate(1433.458 607.414)\" fill=\"none\" stroke=\"currentColor\" stroke-miterlimit=\"10\" stroke-width=\"1\"\/><line x1=\"12.727\" y1=\"12.728\" transform=\"translate(1439.408 598.494)\" fill=\"none\" stroke=\"currentColor\" stroke-miterlimit=\"10\" stroke-width=\"1\"\/><line x1=\"6.888\" y1=\"16.629\" transform=\"translate(1448.056 591.685)\" fill=\"none\" stroke=\"currentColor\" stroke-miterlimit=\"10\" stroke-width=\"1\"\/><line y1=\"19\" transform=\"translate(1459.5 588)\" fill=\"none\" stroke=\"currentColor\" stroke-miterlimit=\"10\" stroke-width=\"1\"\/><line y1=\"16.631\" x2=\"6.888\" transform=\"translate(1464.056 591.685)\" fill=\"none\" stroke=\"currentColor\" stroke-miterlimit=\"10\" stroke-width=\"1\"\/><line x2=\"12.729\" y1=\"12.729\" y2=\"0\" transform=\"translate(1466.57 598.493)\" fill=\"none\" stroke=\"currentColor\" stroke-miterlimit=\"10\" stroke-width=\"1\"\/><line x2=\"16.631\" y1=\"6.889\" y2=\"0\" transform=\"translate(1468.619 607.414)\" fill=\"none\" stroke=\"currentColor\" stroke-miterlimit=\"10\" stroke-width=\"1\"\/><line x2=\"18\" transform=\"translate(1469 617.5)\" fill=\"none\" stroke=\"currentColor\" stroke-miterlimit=\"10\" stroke-width=\"1\"\/><\/g><\/svg>\t<\/div>\n\t\t<h2 class=\"qodef-m-title\" >\n\t\t\t\t\t\u00bfQuieres pedir cita?\t\t\t<\/h2>\n\t\t\t<p class=\"qodef-m-text\" >Puedes ver disponibilidad y reservar a trav\u00e9s de nuestro motor de reserva de abajo.<\/p>\n<\/div>\n\t\t\t\t<\/div>\n\t\t\t\t<\/div>\n\t\t\t\t\t<\/div>\n\t\t<\/div>\n\t\t\t\t\t<\/div>\n\t\t<\/section>\n\t\t\t\t<section class=\"elementor-section elementor-top-section elementor-element elementor-element-e6b98b6 elementor-section-boxed elementor-section-height-default elementor-section-height-default qodef-elementor-content-no\" data-id=\"e6b98b6\" data-element_type=\"section\" data-e-type=\"section\">\n\t\t\t\t\t\t<div class=\"elementor-container elementor-column-gap-default\">\n\t\t\t\t\t<div class=\"elementor-column elementor-col-100 elementor-top-column elementor-element elementor-element-1e764ce\" data-id=\"1e764ce\" data-element_type=\"column\" data-e-type=\"column\">\n\t\t\t<div class=\"elementor-widget-wrap elementor-element-populated\">\n\t\t\t\t\t\t<div class=\"elementor-element elementor-element-d7e3097 elementor-widget__width-inherit elementor-widget elementor-widget-html\" data-id=\"d7e3097\" data-element_type=\"widget\" data-e-type=\"widget\" data-widget_type=\"html.default\">\n\t\t\t\t<div class=\"elementor-widget-container\">\n\t\t\t\t\t<div class=\"latepoint-book-form-wrapper os-loading os_init_booking_form\" id=\"latepointBookForm_69d4db5e7b4a5\" data-selected-service-category=\"3\" data-hide-side-panel=\"yes\" >\n\t\t\t\t\t\t<div class=\"latepoint-w latepoint-inline-form latepoint-hide-side-panel\">\n\t\t\t\t\t\t\t<div class=\"latepoint-booking-form-element\">\n\t\t\t\t\t\t\t\t<div class=\"latepoint-side-panel\"><\/div>\n\t\t\t\t\t\t\t\t<div class=\"latepoint-form-w\"><\/div>\n\t\t\t\t\t\t\t<\/div>\n\t\t\t\t\t\t<\/div>\n\t\t\t\t\t<\/div>\t\t\t\t<\/div>\n\t\t\t\t<\/div>\n\t\t\t\t\t<\/div>\n\t\t<\/div>\n\t\t\t\t\t<\/div>\n\t\t<\/section>\n\t\t\t\t<section class=\"elementor-section elementor-top-section elementor-element elementor-element-4172a9e elementor-section-full_width elementor-section-stretched elementor-section-height-default elementor-section-height-default qodef-elementor-content-no\" data-id=\"4172a9e\" data-element_type=\"section\" data-e-type=\"section\" data-settings=\"{&quot;stretch_section&quot;:&quot;section-stretched&quot;}\">\n\t\t\t\t\t\t<div class=\"elementor-container elementor-column-gap-default\">\n\t\t\t\t\t<div class=\"elementor-column elementor-col-100 elementor-top-column elementor-element elementor-element-a44a273\" data-id=\"a44a273\" data-element_type=\"column\" data-e-type=\"column\">\n\t\t\t<div class=\"elementor-widget-wrap elementor-element-populated\">\n\t\t\t\t\t\t<div class=\"elementor-element elementor-element-4eee335 elementor-widget elementor-widget-hibiscus_core_image_gallery\" data-id=\"4eee335\" data-element_type=\"widget\" data-e-type=\"widget\" data-widget_type=\"hibiscus_core_image_gallery.default\">\n\t\t\t\t<div class=\"elementor-widget-container\">\n\t\t\t\t\t<div class=\"qodef-shortcode qodef-m  qodef-image-gallery   qodef-grid qodef-layout--columns  qodef-gutter--no qodef-col-num--3    qodef-responsive--custom qodef-col-num--1440--3 qodef-col-num--1366--3 qodef-col-num--1024--3 qodef-col-num--768--1 qodef-col-num--680--1 qodef-col-num--480--1\">\n\t<div class=\"qodef-grid-inner clear\">\n\t\t<div class=\"qodef-e qodef-image-wrapper qodef-grid-item \">\n    <div class=\"qodef-image-wrapper-inner\">\n                    <img loading=\"lazy\" decoding=\"async\" width=\"1280\" height=\"1200\" src=\"https:\/\/centre1mes.es\/wp-content\/uploads\/2022\/06\/h7-img-4.jpg\" class=\"attachment-full size-full\" alt=\"aa\" srcset=\"https:\/\/centre1mes.es\/wp-content\/uploads\/2022\/06\/h7-img-4.jpg 1280w, https:\/\/centre1mes.es\/wp-content\/uploads\/2022\/06\/h7-img-4-600x563.jpg 600w, https:\/\/centre1mes.es\/wp-content\/uploads\/2022\/06\/h7-img-4-300x281.jpg 300w, https:\/\/centre1mes.es\/wp-content\/uploads\/2022\/06\/h7-img-4-1024x960.jpg 1024w, https:\/\/centre1mes.es\/wp-content\/uploads\/2022\/06\/h7-img-4-768x720.jpg 768w\" sizes=\"(max-width: 1280px) 100vw, 1280px\" title=\"Embarazadas y posparto\">            <\/div>\n<\/div>\n<div class=\"qodef-e qodef-image-wrapper qodef-grid-item \">\n    <div class=\"qodef-image-wrapper-inner\">\n                    <img loading=\"lazy\" decoding=\"async\" width=\"1194\" height=\"1114\" src=\"https:\/\/centre1mes.es\/wp-content\/uploads\/2023\/12\/embarazadas-mallorca.jpg\" class=\"attachment-full size-full\" alt=\"embarazadas y posparto\" srcset=\"https:\/\/centre1mes.es\/wp-content\/uploads\/2023\/12\/embarazadas-mallorca.jpg 1194w, https:\/\/centre1mes.es\/wp-content\/uploads\/2023\/12\/embarazadas-mallorca-300x280.jpg 300w, https:\/\/centre1mes.es\/wp-content\/uploads\/2023\/12\/embarazadas-mallorca-1024x955.jpg 1024w, https:\/\/centre1mes.es\/wp-content\/uploads\/2023\/12\/embarazadas-mallorca-768x717.jpg 768w, https:\/\/centre1mes.es\/wp-content\/uploads\/2023\/12\/embarazadas-mallorca-600x560.jpg 600w\" sizes=\"(max-width: 1194px) 100vw, 1194px\" title=\"Embarazadas y posparto\">            <\/div>\n<\/div>\n<div class=\"qodef-e qodef-image-wrapper qodef-grid-item \">\n    <div class=\"qodef-image-wrapper-inner\">\n                    <img loading=\"lazy\" decoding=\"async\" width=\"1280\" height=\"1200\" src=\"https:\/\/centre1mes.es\/wp-content\/uploads\/2022\/06\/h7-img-2-1.jpg\" class=\"attachment-full size-full\" alt=\"posparto activo\" srcset=\"https:\/\/centre1mes.es\/wp-content\/uploads\/2022\/06\/h7-img-2-1.jpg 1280w, https:\/\/centre1mes.es\/wp-content\/uploads\/2022\/06\/h7-img-2-1-600x563.jpg 600w, https:\/\/centre1mes.es\/wp-content\/uploads\/2022\/06\/h7-img-2-1-300x281.jpg 300w, https:\/\/centre1mes.es\/wp-content\/uploads\/2022\/06\/h7-img-2-1-1024x960.jpg 1024w, https:\/\/centre1mes.es\/wp-content\/uploads\/2022\/06\/h7-img-2-1-768x720.jpg 768w\" sizes=\"(max-width: 1280px) 100vw, 1280px\" title=\"Embarazadas y posparto\">            <\/div>\n<\/div>\n\t<\/div>\n<\/div>\n\t\t\t\t<\/div>\n\t\t\t\t<\/div>\n\t\t\t\t\t<\/div>\n\t\t<\/div>\n\t\t\t\t\t<\/div>\n\t\t<\/section>\n\t\t\t\t<\/div>\n\t\t","protected":false},"excerpt":{"rendered":"<p>Colocaci\u00f3n de pendientes para beb\u00e9s Wir wissen, dass jedes Detail im Leben Ihrer Tochter wichtig und einzigartig ist, auch der Moment, in dem sie ihre ersten Ohrringe anlegt. Wir von [&hellip;]<\/p>\n","protected":false},"author":1,"featured_media":25181,"parent":25284,"menu_order":0,"comment_status":"closed","ping_status":"closed","template":"","meta":{"_price":"","_stock":"","_tribe_ticket_header":"","_tribe_default_ticket_provider":"","_tribe_ticket_capacity":"0","_ticket_start_date":"","_ticket_end_date":"","_tribe_ticket_show_description":"","_tribe_ticket_show_not_going":false,"_tribe_ticket_use_global_stock":"","_tribe_ticket_global_stock_level":"","_global_stock_mode":"","_global_stock_cap":"","_tribe_rsvp_for_event":"","_tribe_ticket_going_count":"","_tribe_ticket_not_going_count":"","_tribe_tickets_list":"[]","_tribe_ticket_has_attendee_info_fields":false,"footnotes":""},"class_list":["post-25293","page","type-page","status-publish","has-post-thumbnail","hentry"],"_links":{"self":[{"href":"https:\/\/centre1mes.es\/de\/wp-json\/wp\/v2\/pages\/25293","targetHints":{"allow":["GET"]}}],"collection":[{"href":"https:\/\/centre1mes.es\/de\/wp-json\/wp\/v2\/pages"}],"about":[{"href":"https:\/\/centre1mes.es\/de\/wp-json\/wp\/v2\/types\/page"}],"author":[{"embeddable":true,"href":"https:\/\/centre1mes.es\/de\/wp-json\/wp\/v2\/users\/1"}],"replies":[{"embeddable":true,"href":"https:\/\/centre1mes.es\/de\/wp-json\/wp\/v2\/comments?post=25293"}],"version-history":[{"count":0,"href":"https:\/\/centre1mes.es\/de\/wp-json\/wp\/v2\/pages\/25293\/revisions"}],"up":[{"embeddable":true,"href":"https:\/\/centre1mes.es\/de\/wp-json\/wp\/v2\/pages\/25284"}],"wp:featuredmedia":[{"embeddable":true,"href":"https:\/\/centre1mes.es\/de\/wp-json\/wp\/v2\/media\/25181"}],"wp:attachment":[{"href":"https:\/\/centre1mes.es\/de\/wp-json\/wp\/v2\/media?parent=25293"}],"curies":[{"name":"wp","href":"https:\/\/api.w.org\/{rel}","templated":true}]}}